{"id":805,"date":"2024-01-30T12:37:41","date_gmt":"2024-01-30T09:37:41","guid":{"rendered":"https:\/\/conference.cag.edu.tr\/tubitak2237\/?page_id=805"},"modified":"2026-01-26T20:21:53","modified_gmt":"2026-01-26T17:21:53","slug":"iletisim","status":"publish","type":"page","link":"https:\/\/conference.cag.edu.tr\/tubitak2237\/iletisim\/","title":{"rendered":"\u0130leti\u015fim"},"content":{"rendered":"<!--themify_builder_content-->\n<div id=\"themify_builder_content-805\" data-postid=\"805\" class=\"themify_builder_content themify_builder_content-805 themify_builder tf_clear\">\n                    <div  data-lazy=\"1\" class=\"module_row themify_builder_row tb_ulp8382 tb_first tf_w\">\n                        <div class=\"row_inner col_align_top tb_col_count_1 tf_box tf_rel\">\n                        <div  data-lazy=\"1\" class=\"module_column tb-column col-full tb_yi7z382 first\">\n                            <div  data-lazy=\"1\" class=\"module_subrow themify_builder_sub_row tf_w col_align_top tb_col_count_1 tb_c5dy382\">\n                <div  data-lazy=\"1\" class=\"module_column sub_column col-full tb_h8lp383 first\">\n                    <!-- module plain text -->\n<div  class=\"module module-plain-text tb_r7op384 \" data-lazy=\"1\">\n        <div class=\"tb_text_wrap\">\n    \u0130leti\u015fim    <\/div>\n<\/div>\n<!-- \/module plain text -->        <\/div>\n                    <\/div>\n                <\/div>\n                        <\/div>\n        <\/div>\n                        <div  data-desktop-padding=\"1px\" data-css_id=\"ppuq833\" data-lazy=\"1\" class=\"module_row themify_builder_row fullwidth_row_container tb_ppuq833 tf_w\">\n                        <div class=\"row_inner col_align_middle tb_col_count_3 tf_box tf_rel\">\n                        <div  data-lazy=\"1\" class=\"module_column tb-column col3-1 tb_k8k5833 first\">\n                    <!-- module image -->\n<div  class=\"module module-image tb_p4j0833 image-center rounded drop-shadow bordered circle  tf_mw\" data-lazy=\"1\">\n        <div class=\"image-wrap tf_rel tf_mw\">\n            <img loading=\"lazy\" decoding=\"async\" src=\"https:\/\/conference.cag.edu.tr\/tubitak2237\/wp-content\/uploads\/2019\/10\/cropped-logo-153x153.png\" width=\"153\" height=\"153\" class=\"wp-post-image wp-image-7\" title=\"cropped-logo.png\" alt=\"cropped-logo.png\" srcset=\"https:\/\/conference.cag.edu.tr\/tubitak2237\/wp-content\/uploads\/2019\/10\/cropped-logo-153x153.png 153w, https:\/\/conference.cag.edu.tr\/tubitak2237\/wp-content\/uploads\/2019\/10\/cropped-logo-150x150.png 150w, https:\/\/conference.cag.edu.tr\/tubitak2237\/wp-content\/uploads\/2019\/10\/cropped-logo-300x300.png 300w, https:\/\/conference.cag.edu.tr\/tubitak2237\/wp-content\/uploads\/2019\/10\/cropped-logo-270x270.png 270w, https:\/\/conference.cag.edu.tr\/tubitak2237\/wp-content\/uploads\/2019\/10\/cropped-logo-192x192.png 192w, https:\/\/conference.cag.edu.tr\/tubitak2237\/wp-content\/uploads\/2019\/10\/cropped-logo-180x180.png 180w, https:\/\/conference.cag.edu.tr\/tubitak2237\/wp-content\/uploads\/2019\/10\/cropped-logo-32x32.png 32w, https:\/\/conference.cag.edu.tr\/tubitak2237\/wp-content\/uploads\/2019\/10\/cropped-logo-200x200.png 200w, https:\/\/conference.cag.edu.tr\/tubitak2237\/wp-content\/uploads\/2019\/10\/cropped-logo.png 512w\" sizes=\"auto, (max-width: 153px) 100vw, 153px\" \/>    \n        <\/div>\n    <!-- \/image-wrap -->\n    \n        <div class=\"image-content\">\n                        <div class=\"image-caption tb_text_wrap\">\n            \n        <\/div>\n        <!-- \/image-caption -->\n            <\/div>\n    <!-- \/image-content -->\n        <\/div>\n<!-- \/module image -->        <\/div>\n                    <div  data-lazy=\"1\" class=\"module_column tb-column col3-1 tb_xebn833\">\n                    <!-- module image -->\n<div  class=\"module module-image tb_zwes443 image-center rounded drop-shadow bordered circle  tf_mw\" data-lazy=\"1\">\n        <div class=\"image-wrap tf_rel tf_mw\">\n            <img loading=\"lazy\" decoding=\"async\" src=\"https:\/\/conference.cag.edu.tr\/tubitak2237\/wp-content\/uploads\/2026\/01\/docdr-sevgi-balkan-RUwv-200x200.jpg\" width=\"200\" height=\"200\" class=\"wp-post-image wp-image-1291\" title=\"Do\u00e7. Dr. Sevgi BALKAN\" alt=\"\u00c7a\u011f \u00dcniversitesi - Uluslararas\u0131 \u0130li\u015fkiler B\u00f6l\u00fcm\u00fc\u00a0 sbalkan@cag.edu.tr\" srcset=\"https:\/\/conference.cag.edu.tr\/tubitak2237\/wp-content\/uploads\/2026\/01\/docdr-sevgi-balkan-RUwv-200x200.jpg 200w, https:\/\/conference.cag.edu.tr\/tubitak2237\/wp-content\/uploads\/2026\/01\/docdr-sevgi-balkan-RUwv-150x150.jpg 150w, https:\/\/conference.cag.edu.tr\/tubitak2237\/wp-content\/uploads\/2026\/01\/docdr-sevgi-balkan-RUwv.jpg 300w\" sizes=\"auto, (max-width: 200px) 100vw, 200px\" \/>    \n        <\/div>\n    <!-- \/image-wrap -->\n    \n        <div class=\"image-content\">\n                    <h3 class=\"image-title\">\n                                    Do\u00e7. Dr. Sevgi BALKAN                            <\/h3>\n                        <div class=\"image-caption tb_text_wrap\">\n            \u00c7a\u011f \u00dcniversitesi &#8211; Uluslararas\u0131 \u0130li\u015fkiler B\u00f6l\u00fcm\u00fc\u00a0 sbalkan@cag.edu.tr        <\/div>\n        <!-- \/image-caption -->\n            <\/div>\n    <!-- \/image-content -->\n        <\/div>\n<!-- \/module image -->        <\/div>\n                    <div  data-lazy=\"1\" class=\"module_column tb-column col3-1 tb_gfvm833 last\">\n                    <!-- module image -->\n<div  class=\"module module-image tb_r2j5833 image-center rounded drop-shadow bordered circle  tf_mw\" data-lazy=\"1\">\n        <div class=\"image-wrap tf_rel tf_mw\">\n            <img loading=\"lazy\" decoding=\"async\" src=\"https:\/\/conference.cag.edu.tr\/tubitak2237\/wp-content\/uploads\/2026\/01\/arsgor-ozge-cetiner-A8MJ-200x200.jpg\" width=\"200\" height=\"200\" class=\"wp-post-image wp-image-1318\" title=\"Dr. \u00d6\u011fr. \u00dcyesi \u00d6zge \u00c7ET\u0130NER\" alt=\"\u00c7a\u011f \u00dcniversitesi - Uluslararas\u0131 \u0130li\u015fkiler B\u00f6l\u00fcm\u00fc ozgecetiner@cag.edu.tr\" srcset=\"https:\/\/conference.cag.edu.tr\/tubitak2237\/wp-content\/uploads\/2026\/01\/arsgor-ozge-cetiner-A8MJ-200x200.jpg 200w, https:\/\/conference.cag.edu.tr\/tubitak2237\/wp-content\/uploads\/2026\/01\/arsgor-ozge-cetiner-A8MJ-150x150.jpg 150w, https:\/\/conference.cag.edu.tr\/tubitak2237\/wp-content\/uploads\/2026\/01\/arsgor-ozge-cetiner-A8MJ.jpg 300w\" sizes=\"auto, (max-width: 200px) 100vw, 200px\" \/>    \n        <\/div>\n    <!-- \/image-wrap -->\n    \n        <div class=\"image-content\">\n                    <h3 class=\"image-title\">\n                                    Dr. \u00d6\u011fr. \u00dcyesi \u00d6zge \u00c7ET\u0130NER                            <\/h3>\n                        <div class=\"image-caption tb_text_wrap\">\n            \u00c7a\u011f \u00dcniversitesi &#8211; Uluslararas\u0131 \u0130li\u015fkiler B\u00f6l\u00fcm\u00fc ozgecetiner@cag.edu.tr        <\/div>\n        <!-- \/image-caption -->\n            <\/div>\n    <!-- \/image-content -->\n        <\/div>\n<!-- \/module image -->        <\/div>\n                        <\/div>\n        <\/div>\n        <\/div>\n<!--\/themify_builder_content-->","protected":false},"excerpt":{"rendered":"<p>\u0130leti\u015fim Do\u00e7. Dr. Sevgi BALKAN \u00c7a\u011f \u00dcniversitesi &#8211; Uluslararas\u0131 \u0130li\u015fkiler B\u00f6l\u00fcm\u00fc\u00a0 sbalkan@cag.edu.tr Dr. \u00d6\u011fr. \u00dcyesi \u00d6zge \u00c7ET\u0130NER \u00c7a\u011f \u00dcniversitesi &#8211; Uluslararas\u0131 \u0130li\u015fkiler B\u00f6l\u00fcm\u00fc ozgecetiner@cag.edu.tr<\/p>\n","protected":false},"author":1,"featured_media":0,"parent":0,"menu_order":0,"comment_status":"closed","ping_status":"closed","template":"","meta":{"footnotes":""},"class_list":["post-805","page","type-page","status-publish","hentry"],"builder_content":"\u0130leti\u015fim\n<img src=\"https:\/\/conference.cag.edu.tr\/tubitak2237\/wp-content\/uploads\/2019\/10\/cropped-logo-153x153.png\" width=\"153\" height=\"153\" title=\"cropped-logo.png\" alt=\"cropped-logo.png\" srcset=\"https:\/\/conference.cag.edu.tr\/tubitak2237\/wp-content\/uploads\/2019\/10\/cropped-logo-153x153.png 153w, https:\/\/conference.cag.edu.tr\/tubitak2237\/wp-content\/uploads\/2019\/10\/cropped-logo-150x150.png 150w, https:\/\/conference.cag.edu.tr\/tubitak2237\/wp-content\/uploads\/2019\/10\/cropped-logo-300x300.png 300w, https:\/\/conference.cag.edu.tr\/tubitak2237\/wp-content\/uploads\/2019\/10\/cropped-logo-270x270.png 270w, https:\/\/conference.cag.edu.tr\/tubitak2237\/wp-content\/uploads\/2019\/10\/cropped-logo-192x192.png 192w, https:\/\/conference.cag.edu.tr\/tubitak2237\/wp-content\/uploads\/2019\/10\/cropped-logo-180x180.png 180w, https:\/\/conference.cag.edu.tr\/tubitak2237\/wp-content\/uploads\/2019\/10\/cropped-logo-32x32.png 32w, https:\/\/conference.cag.edu.tr\/tubitak2237\/wp-content\/uploads\/2019\/10\/cropped-logo-200x200.png 200w, https:\/\/conference.cag.edu.tr\/tubitak2237\/wp-content\/uploads\/2019\/10\/cropped-logo.png 512w\" sizes=\"(max-width: 153px) 100vw, 153px\" \/>\n<img src=\"https:\/\/conference.cag.edu.tr\/tubitak2237\/wp-content\/uploads\/2026\/01\/docdr-sevgi-balkan-RUwv-200x200.jpg\" width=\"200\" height=\"200\" title=\"Do\u00e7. Dr. Sevgi BALKAN\" alt=\"\u00c7a\u011f \u00dcniversitesi - Uluslararas\u0131 \u0130li\u015fkiler B\u00f6l\u00fcm\u00fc\u00a0 sbalkan@cag.edu.tr\" srcset=\"https:\/\/conference.cag.edu.tr\/tubitak2237\/wp-content\/uploads\/2026\/01\/docdr-sevgi-balkan-RUwv-200x200.jpg 200w, https:\/\/conference.cag.edu.tr\/tubitak2237\/wp-content\/uploads\/2026\/01\/docdr-sevgi-balkan-RUwv-150x150.jpg 150w, https:\/\/conference.cag.edu.tr\/tubitak2237\/wp-content\/uploads\/2026\/01\/docdr-sevgi-balkan-RUwv.jpg 300w\" sizes=\"(max-width: 200px) 100vw, 200px\" \/> <h3> Do\u00e7. Dr. Sevgi BALKAN <\/h3> \u00c7a\u011f \u00dcniversitesi - Uluslararas\u0131 \u0130li\u015fkiler B\u00f6l\u00fcm\u00fc\u00a0 sbalkan@cag.edu.tr\n<img src=\"https:\/\/conference.cag.edu.tr\/tubitak2237\/wp-content\/uploads\/2026\/01\/arsgor-ozge-cetiner-A8MJ-200x200.jpg\" width=\"200\" height=\"200\" title=\"Dr. \u00d6\u011fr. \u00dcyesi \u00d6zge \u00c7ET\u0130NER\" alt=\"\u00c7a\u011f \u00dcniversitesi - Uluslararas\u0131 \u0130li\u015fkiler B\u00f6l\u00fcm\u00fc ozgecetiner@cag.edu.tr\" srcset=\"https:\/\/conference.cag.edu.tr\/tubitak2237\/wp-content\/uploads\/2026\/01\/arsgor-ozge-cetiner-A8MJ-200x200.jpg 200w, https:\/\/conference.cag.edu.tr\/tubitak2237\/wp-content\/uploads\/2026\/01\/arsgor-ozge-cetiner-A8MJ-150x150.jpg 150w, https:\/\/conference.cag.edu.tr\/tubitak2237\/wp-content\/uploads\/2026\/01\/arsgor-ozge-cetiner-A8MJ.jpg 300w\" sizes=\"(max-width: 200px) 100vw, 200px\" \/> <h3> Dr. \u00d6\u011fr. \u00dcyesi \u00d6zge \u00c7ET\u0130NER <\/h3> \u00c7a\u011f \u00dcniversitesi - Uluslararas\u0131 \u0130li\u015fkiler B\u00f6l\u00fcm\u00fc ozgecetiner@cag.edu.tr","_links":{"self":[{"href":"https:\/\/conference.cag.edu.tr\/tubitak2237\/wp-json\/wp\/v2\/pages\/805","targetHints":{"allow":["GET"]}}],"collection":[{"href":"https:\/\/conference.cag.edu.tr\/tubitak2237\/wp-json\/wp\/v2\/pages"}],"about":[{"href":"https:\/\/conference.cag.edu.tr\/tubitak2237\/wp-json\/wp\/v2\/types\/page"}],"author":[{"embeddable":true,"href":"https:\/\/conference.cag.edu.tr\/tubitak2237\/wp-json\/wp\/v2\/users\/1"}],"replies":[{"embeddable":true,"href":"https:\/\/conference.cag.edu.tr\/tubitak2237\/wp-json\/wp\/v2\/comments?post=805"}],"version-history":[{"count":42,"href":"https:\/\/conference.cag.edu.tr\/tubitak2237\/wp-json\/wp\/v2\/pages\/805\/revisions"}],"predecessor-version":[{"id":1371,"href":"https:\/\/conference.cag.edu.tr\/tubitak2237\/wp-json\/wp\/v2\/pages\/805\/revisions\/1371"}],"wp:attachment":[{"href":"https:\/\/conference.cag.edu.tr\/tubitak2237\/wp-json\/wp\/v2\/media?parent=805"}],"curies":[{"name":"wp","href":"https:\/\/api.w.org\/{rel}","templated":true}]}}