{"id":836,"date":"2024-01-30T13:21:31","date_gmt":"2024-01-30T10:21:31","guid":{"rendered":"https:\/\/conference.cag.edu.tr\/tubitak2237\/?page_id=836"},"modified":"2026-02-11T10:56:56","modified_gmt":"2026-02-11T07:56:56","slug":"kurullar-komite","status":"publish","type":"page","link":"https:\/\/conference.cag.edu.tr\/tubitak2237\/kurullar-komite\/","title":{"rendered":"D\u00fczenleme Kurulu"},"content":{"rendered":"<!--themify_builder_content-->\n<div id=\"themify_builder_content-836\" data-postid=\"836\" class=\"themify_builder_content themify_builder_content-836 themify_builder tf_clear\">\n                    <div  data-lazy=\"1\" class=\"module_row themify_builder_row tb_m2es430 tb_first tf_w\">\n                        <div class=\"row_inner col_align_top tb_col_count_1 tf_box tf_rel\">\n                        <div  data-lazy=\"1\" class=\"module_column tb-column col-full tb_wgxz430 first\">\n                            <div  data-lazy=\"1\" class=\"module_subrow themify_builder_sub_row tf_w col_align_top tb_col_count_1 tb_p07k430\">\n                <div  data-lazy=\"1\" class=\"module_column sub_column col-full tb_yuum430 first\">\n                    <!-- module plain text -->\n<div  class=\"module module-plain-text tb_nzz2430 \" data-lazy=\"1\">\n        <div class=\"tb_text_wrap\">\n    D\u00fczenleme Kurulu    <\/div>\n<\/div>\n<!-- \/module plain text -->        <\/div>\n                    <\/div>\n                <\/div>\n                        <\/div>\n        <\/div>\n                        <div  data-lazy=\"1\" class=\"module_row themify_builder_row tb_wbsx496 tf_w\">\n                        <div class=\"row_inner col_align_top tb_col_count_4 tf_box tf_rel\">\n                        <div  data-lazy=\"1\" class=\"module_column tb-column col4-1 tb_v76p497 first\">\n                    <!-- module image -->\n<div  class=\"module module-image tb_8n5e364 image-center rounded drop-shadow bordered circle  tf_mw\" data-lazy=\"1\">\n        <div class=\"image-wrap tf_rel tf_mw\">\n            <img loading=\"lazy\" decoding=\"async\" src=\"https:\/\/conference.cag.edu.tr\/tubitak2237\/wp-content\/uploads\/2026\/01\/docdr-sevgi-balkan-RUwv-200x200.jpg\" width=\"200\" height=\"200\" class=\"wp-post-image wp-image-1291\" title=\"Do\u00e7. Dr. Sevgi \u015eahin\" alt=\"\u00c7a\u011f \u00dcniversitesi -\nUluslararas\u0131 \u0130li\u015fkiler B\u00f6l\u00fcm\u00fc ve Avrupa Birli\u011fi Uygulama ve Ara\u015ft\u0131rma Merkezi\" srcset=\"https:\/\/conference.cag.edu.tr\/tubitak2237\/wp-content\/uploads\/2026\/01\/docdr-sevgi-balkan-RUwv-200x200.jpg 200w, https:\/\/conference.cag.edu.tr\/tubitak2237\/wp-content\/uploads\/2026\/01\/docdr-sevgi-balkan-RUwv-150x150.jpg 150w, https:\/\/conference.cag.edu.tr\/tubitak2237\/wp-content\/uploads\/2026\/01\/docdr-sevgi-balkan-RUwv.jpg 300w\" sizes=\"auto, (max-width: 200px) 100vw, 200px\" \/>    \n        <\/div>\n    <!-- \/image-wrap -->\n    \n        <div class=\"image-content\">\n                    <h3 class=\"image-title\">\n                                    Do\u00e7. Dr. Sevgi \u015eahin                            <\/h3>\n                        <div class=\"image-caption tb_text_wrap\">\n            \u00c7a\u011f \u00dcniversitesi &#8211;\nUluslararas\u0131 \u0130li\u015fkiler B\u00f6l\u00fcm\u00fc ve Avrupa Birli\u011fi Uygulama ve Ara\u015ft\u0131rma Merkezi        <\/div>\n        <!-- \/image-caption -->\n            <\/div>\n    <!-- \/image-content -->\n        <\/div>\n<!-- \/module image -->        <\/div>\n                    <div  data-lazy=\"1\" class=\"module_column tb-column col4-1 tb_615n497\">\n                    <!-- module image -->\n<div  class=\"module module-image tb_niz0744 image-center rounded drop-shadow bordered circle  tf_mw\" data-lazy=\"1\">\n        <div class=\"image-wrap tf_rel tf_mw\">\n            <img loading=\"lazy\" decoding=\"async\" src=\"https:\/\/conference.cag.edu.tr\/tubitak2237\/wp-content\/uploads\/2026\/01\/Prof.-Dr.-Basak-Alpan-820x1024-200x200.jpg\" width=\"200\" height=\"200\" class=\"wp-post-image wp-image-1362\" title=\"Prof. Dr. Ba\u015fak Alpan\" alt=\"Orta Do\u011fu Teknik \u00dcniversitesi\" srcset=\"https:\/\/conference.cag.edu.tr\/tubitak2237\/wp-content\/uploads\/2026\/01\/Prof.-Dr.-Basak-Alpan-820x1024-200x200.jpg 200w, https:\/\/conference.cag.edu.tr\/tubitak2237\/wp-content\/uploads\/2026\/01\/Prof.-Dr.-Basak-Alpan-150x150.jpg 150w, https:\/\/conference.cag.edu.tr\/tubitak2237\/wp-content\/uploads\/2026\/01\/Prof.-Dr.-Basak-Alpan-820x1024-162x162.jpg 162w\" sizes=\"auto, (max-width: 200px) 100vw, 200px\" \/>    \n        <\/div>\n    <!-- \/image-wrap -->\n    \n        <div class=\"image-content\">\n                    <h3 class=\"image-title\">\n                                    Prof. Dr. Ba\u015fak Alpan                            <\/h3>\n                        <div class=\"image-caption tb_text_wrap\">\n            Orta Do\u011fu Teknik \u00dcniversitesi        <\/div>\n        <!-- \/image-caption -->\n            <\/div>\n    <!-- \/image-content -->\n        <\/div>\n<!-- \/module image -->        <\/div>\n                    <div  data-lazy=\"1\" class=\"module_column tb-column col4-1 tb_y7hi497\">\n                    <!-- module image -->\n<div  class=\"module module-image tb_xh92906 image-center rounded drop-shadow bordered circle  tf_mw\" data-lazy=\"1\">\n        <div class=\"image-wrap tf_rel tf_mw\">\n            <img loading=\"lazy\" decoding=\"async\" src=\"https:\/\/conference.cag.edu.tr\/tubitak2237\/wp-content\/uploads\/2026\/01\/Harun-Arikan-200x200.png\" width=\"200\" height=\"200\" class=\"wp-post-image wp-image-1361\" title=\"Prof. Dr. Harun Ar\u0131kan\" alt=\"\u00c7ukurova \u00dcniversitesi\" srcset=\"https:\/\/conference.cag.edu.tr\/tubitak2237\/wp-content\/uploads\/2026\/01\/Harun-Arikan-200x200.png 200w, https:\/\/conference.cag.edu.tr\/tubitak2237\/wp-content\/uploads\/2026\/01\/Harun-Arikan-150x150.png 150w\" sizes=\"auto, (max-width: 200px) 100vw, 200px\" \/>    \n        <\/div>\n    <!-- \/image-wrap -->\n    \n        <div class=\"image-content\">\n                    <h3 class=\"image-title\">\n                                    Prof. Dr. Harun Ar\u0131kan                            <\/h3>\n                        <div class=\"image-caption tb_text_wrap\">\n            \u00c7ukurova \u00dcniversitesi        <\/div>\n        <!-- \/image-caption -->\n            <\/div>\n    <!-- \/image-content -->\n        <\/div>\n<!-- \/module image -->        <\/div>\n                    <div  data-lazy=\"1\" class=\"module_column tb-column col4-1 tb_wmux497 last\">\n                    <!-- module image -->\n<div  class=\"module module-image tb_ken3697 image-center rounded drop-shadow bordered circle  tf_mw\" data-lazy=\"1\">\n        <div class=\"image-wrap tf_rel tf_mw\">\n            <img loading=\"lazy\" decoding=\"async\" src=\"https:\/\/conference.cag.edu.tr\/tubitak2237\/wp-content\/uploads\/2026\/01\/Doc.-Dr.-Serdar-Altay-200x200.jpg\" width=\"200\" height=\"200\" class=\"wp-post-image wp-image-1363\" title=\"Do\u00e7. Dr. Serdar Altay\" alt=\"\u0130stanbul Teknik \u00dcniversitesi\" srcset=\"https:\/\/conference.cag.edu.tr\/tubitak2237\/wp-content\/uploads\/2026\/01\/Doc.-Dr.-Serdar-Altay-200x200.jpg 200w, https:\/\/conference.cag.edu.tr\/tubitak2237\/wp-content\/uploads\/2026\/01\/Doc.-Dr.-Serdar-Altay-150x150.jpg 150w\" sizes=\"auto, (max-width: 200px) 100vw, 200px\" \/>    \n        <\/div>\n    <!-- \/image-wrap -->\n    \n        <div class=\"image-content\">\n                    <h3 class=\"image-title\">\n                                    Do\u00e7. Dr. Serdar Altay                            <\/h3>\n                        <div class=\"image-caption tb_text_wrap\">\n            \u0130stanbul Teknik \u00dcniversitesi        <\/div>\n        <!-- \/image-caption -->\n            <\/div>\n    <!-- \/image-content -->\n        <\/div>\n<!-- \/module image -->        <\/div>\n                        <\/div>\n        <\/div>\n        <\/div>\n<!--\/themify_builder_content-->","protected":false},"excerpt":{"rendered":"<p>D\u00fczenleme Kurulu Do\u00e7. Dr. Sevgi \u015eahin \u00c7a\u011f \u00dcniversitesi &#8211; Uluslararas\u0131 \u0130li\u015fkiler B\u00f6l\u00fcm\u00fc ve Avrupa Birli\u011fi Uygulama ve Ara\u015ft\u0131rma Merkezi Prof. Dr. Ba\u015fak Alpan Orta Do\u011fu Teknik \u00dcniversitesi Prof. Dr. Harun Ar\u0131kan \u00c7ukurova \u00dcniversitesi Do\u00e7. Dr. Serdar Altay \u0130stanbul Teknik \u00dcniversitesi<\/p>\n","protected":false},"author":1,"featured_media":0,"parent":0,"menu_order":0,"comment_status":"closed","ping_status":"closed","template":"","meta":{"footnotes":""},"class_list":["post-836","page","type-page","status-publish","hentry"],"builder_content":"D\u00fczenleme Kurulu\n<img src=\"https:\/\/conference.cag.edu.tr\/tubitak2237\/wp-content\/uploads\/2026\/01\/docdr-sevgi-balkan-RUwv-200x200.jpg\" width=\"200\" height=\"200\" title=\"Do\u00e7. Dr. Sevgi \u015eahin\" alt=\"\u00c7a\u011f \u00dcniversitesi - Uluslararas\u0131 \u0130li\u015fkiler B\u00f6l\u00fcm\u00fc ve Avrupa Birli\u011fi Uygulama ve Ara\u015ft\u0131rma Merkezi\" srcset=\"https:\/\/conference.cag.edu.tr\/tubitak2237\/wp-content\/uploads\/2026\/01\/docdr-sevgi-balkan-RUwv-200x200.jpg 200w, https:\/\/conference.cag.edu.tr\/tubitak2237\/wp-content\/uploads\/2026\/01\/docdr-sevgi-balkan-RUwv-150x150.jpg 150w, https:\/\/conference.cag.edu.tr\/tubitak2237\/wp-content\/uploads\/2026\/01\/docdr-sevgi-balkan-RUwv.jpg 300w\" sizes=\"(max-width: 200px) 100vw, 200px\" \/> <h3> Do\u00e7. Dr. Sevgi \u015eahin <\/h3> \u00c7a\u011f \u00dcniversitesi - Uluslararas\u0131 \u0130li\u015fkiler B\u00f6l\u00fcm\u00fc ve Avrupa Birli\u011fi Uygulama ve Ara\u015ft\u0131rma Merkezi\n<img src=\"https:\/\/conference.cag.edu.tr\/tubitak2237\/wp-content\/uploads\/2026\/01\/Prof.-Dr.-Basak-Alpan-820x1024-200x200.jpg\" width=\"200\" height=\"200\" title=\"Prof. Dr. Ba\u015fak Alpan\" alt=\"Orta Do\u011fu Teknik \u00dcniversitesi\" srcset=\"https:\/\/conference.cag.edu.tr\/tubitak2237\/wp-content\/uploads\/2026\/01\/Prof.-Dr.-Basak-Alpan-820x1024-200x200.jpg 200w, https:\/\/conference.cag.edu.tr\/tubitak2237\/wp-content\/uploads\/2026\/01\/Prof.-Dr.-Basak-Alpan-150x150.jpg 150w, https:\/\/conference.cag.edu.tr\/tubitak2237\/wp-content\/uploads\/2026\/01\/Prof.-Dr.-Basak-Alpan-820x1024-162x162.jpg 162w\" sizes=\"(max-width: 200px) 100vw, 200px\" \/> <h3> Prof. Dr. Ba\u015fak Alpan <\/h3> Orta Do\u011fu Teknik \u00dcniversitesi\n<img src=\"https:\/\/conference.cag.edu.tr\/tubitak2237\/wp-content\/uploads\/2026\/01\/Harun-Arikan-200x200.png\" width=\"200\" height=\"200\" title=\"Prof. Dr. Harun Ar\u0131kan\" alt=\"\u00c7ukurova \u00dcniversitesi\" srcset=\"https:\/\/conference.cag.edu.tr\/tubitak2237\/wp-content\/uploads\/2026\/01\/Harun-Arikan-200x200.png 200w, https:\/\/conference.cag.edu.tr\/tubitak2237\/wp-content\/uploads\/2026\/01\/Harun-Arikan-150x150.png 150w\" sizes=\"(max-width: 200px) 100vw, 200px\" \/> <h3> Prof. Dr. Harun Ar\u0131kan <\/h3> \u00c7ukurova \u00dcniversitesi\n<img src=\"https:\/\/conference.cag.edu.tr\/tubitak2237\/wp-content\/uploads\/2026\/01\/Doc.-Dr.-Serdar-Altay-200x200.jpg\" width=\"200\" height=\"200\" title=\"Do\u00e7. Dr. Serdar Altay\" alt=\"\u0130stanbul Teknik \u00dcniversitesi\" srcset=\"https:\/\/conference.cag.edu.tr\/tubitak2237\/wp-content\/uploads\/2026\/01\/Doc.-Dr.-Serdar-Altay-200x200.jpg 200w, https:\/\/conference.cag.edu.tr\/tubitak2237\/wp-content\/uploads\/2026\/01\/Doc.-Dr.-Serdar-Altay-150x150.jpg 150w\" sizes=\"(max-width: 200px) 100vw, 200px\" \/> <h3> Do\u00e7. Dr. Serdar Altay <\/h3> \u0130stanbul Teknik \u00dcniversitesi","_links":{"self":[{"href":"https:\/\/conference.cag.edu.tr\/tubitak2237\/wp-json\/wp\/v2\/pages\/836","targetHints":{"allow":["GET"]}}],"collection":[{"href":"https:\/\/conference.cag.edu.tr\/tubitak2237\/wp-json\/wp\/v2\/pages"}],"about":[{"href":"https:\/\/conference.cag.edu.tr\/tubitak2237\/wp-json\/wp\/v2\/types\/page"}],"author":[{"embeddable":true,"href":"https:\/\/conference.cag.edu.tr\/tubitak2237\/wp-json\/wp\/v2\/users\/1"}],"replies":[{"embeddable":true,"href":"https:\/\/conference.cag.edu.tr\/tubitak2237\/wp-json\/wp\/v2\/comments?post=836"}],"version-history":[{"count":52,"href":"https:\/\/conference.cag.edu.tr\/tubitak2237\/wp-json\/wp\/v2\/pages\/836\/revisions"}],"predecessor-version":[{"id":1500,"href":"https:\/\/conference.cag.edu.tr\/tubitak2237\/wp-json\/wp\/v2\/pages\/836\/revisions\/1500"}],"wp:attachment":[{"href":"https:\/\/conference.cag.edu.tr\/tubitak2237\/wp-json\/wp\/v2\/media?parent=836"}],"curies":[{"name":"wp","href":"https:\/\/api.w.org\/{rel}","templated":true}]}}