{"id":845,"date":"2024-01-30T13:22:14","date_gmt":"2024-01-30T10:22:14","guid":{"rendered":"https:\/\/conference.cag.edu.tr\/tubitak2237\/?page_id=845"},"modified":"2026-01-27T09:35:48","modified_gmt":"2026-01-27T06:35:48","slug":"onemli-tarihler","status":"publish","type":"page","link":"https:\/\/conference.cag.edu.tr\/tubitak2237\/onemli-tarihler\/","title":{"rendered":"\u00d6nemli Tarihler"},"content":{"rendered":"<!--themify_builder_content-->\n<div id=\"themify_builder_content-845\" data-postid=\"845\" class=\"themify_builder_content themify_builder_content-845 themify_builder tf_clear\">\n                    <div  data-lazy=\"1\" class=\"module_row themify_builder_row tb_2ylc215 tb_first tf_w\">\n                        <div class=\"row_inner col_align_top tb_col_count_1 tf_box tf_rel\">\n                        <div  data-lazy=\"1\" class=\"module_column tb-column col-full tb_kfih215 first\">\n                            <div  data-lazy=\"1\" class=\"module_subrow themify_builder_sub_row tf_w col_align_top tb_col_count_1 tb_869q216\">\n                <div  data-lazy=\"1\" class=\"module_column sub_column col-full tb_tcsk216 first\">\n                    <!-- module plain text -->\n<div  class=\"module module-plain-text tb_h0s7216 \" data-lazy=\"1\">\n        <div class=\"tb_text_wrap\">\n    \u00d6nemli Tarihler    <\/div>\n<\/div>\n<!-- \/module plain text -->        <\/div>\n                    <\/div>\n                <div  data-lazy=\"1\" class=\"module_subrow themify_builder_sub_row tf_w col_align_top tb_col_count_1 tb_nuyy217\">\n                <div  data-lazy=\"1\" class=\"module_column sub_column col-full tb_09d6217 first\">\n                    <!-- module text -->\n<div  class=\"module module-text tb_5423218   \" data-lazy=\"1\">\n        <div  class=\"tb_text_wrap\">\n        <div class=\"flex flex-col text-sm pb-25\">\n<article class=\"text-token-text-primary w-full focus:outline-none [--shadow-height:45px] has-data-writing-block:pointer-events-none has-data-writing-block:-mt-(--shadow-height) has-data-writing-block:pt-(--shadow-height) [&amp;:has([data-writing-block])&gt;*]:pointer-events-auto scroll-mt-[calc(var(--header-height)+min(200px,max(70px,20svh)))]\" dir=\"auto\" tabindex=\"-1\" data-turn-id=\"request-6976489a-4974-832e-9287-712d5767f569-0\" data-testid=\"conversation-turn-30\" data-scroll-anchor=\"true\" data-turn=\"assistant\">\n<div class=\"text-base my-auto mx-auto pb-10 [--thread-content-margin:--spacing(4)] @w-sm\/main:[--thread-content-margin:--spacing(6)] @w-lg\/main:[--thread-content-margin:--spacing(16)] px-(--thread-content-margin)\">\n<div class=\"[--thread-content-max-width:40rem] @w-lg\/main:[--thread-content-max-width:48rem] mx-auto max-w-(--thread-content-max-width) flex-1 group\/turn-messages focus-visible:outline-hidden relative flex w-full min-w-0 flex-col agent-turn\" tabindex=\"-1\">\n<div class=\"flex max-w-full flex-col grow\">\n<div class=\"min-h-8 text-message relative flex w-full flex-col items-end gap-2 text-start break-words whitespace-normal [.text-message+&amp;]:mt-1\" dir=\"auto\" data-message-author-role=\"assistant\" data-message-id=\"dc738ee0-4c65-4280-8037-7289cf7b5eae\" data-message-model-slug=\"gpt-5-2\">\n<div class=\"flex w-full flex-col gap-1 empty:hidden first:pt-[1px]\">\n<div class=\"markdown prose dark:prose-invert w-full wrap-break-word light markdown-new-styling\">\n<p data-start=\"0\" data-end=\"107\" data-is-last-node=\"\" data-is-only-node=\"\">T\u00dcB\u0130TAK 2237-A proje ba\u015fvurusunun olumlu sonu\u00e7lanmas\u0131 halinde, \u00f6nemli tarihler ilerleyen s\u00fcre\u00e7te ilan edilecektir.<\/p>\n<p data-start=\"0\" data-end=\"107\" data-is-last-node=\"\" data-is-only-node=\"\">E\u011fitim program\u0131n\u0131n 20-22 May\u0131s 2026 tarihleri aras\u0131nda d\u00fczenlenmesi planlanmaktad\u0131r.<\/p>\n<\/div>\n<\/div>\n<\/div>\n<\/div>\n<\/div>\n<\/div>\n<\/article>\n<\/div>    <\/div>\n<\/div>\n<!-- \/module text -->        <\/div>\n                    <\/div>\n                <\/div>\n                        <\/div>\n        <\/div>\n        <\/div>\n<!--\/themify_builder_content-->\n\n\n<p><\/p>","protected":false},"excerpt":{"rendered":"<p>\u00d6nemli Tarihler T\u00dcB\u0130TAK 2237-A proje ba\u015fvurusunun olumlu sonu\u00e7lanmas\u0131 halinde, \u00f6nemli tarihler ilerleyen s\u00fcre\u00e7te ilan edilecektir. E\u011fitim program\u0131n\u0131n 20-22 May\u0131s 2026 tarihleri aras\u0131nda d\u00fczenlenmesi planlanmaktad\u0131r.<\/p>\n","protected":false},"author":1,"featured_media":0,"parent":0,"menu_order":0,"comment_status":"closed","ping_status":"closed","template":"","meta":{"footnotes":""},"class_list":["post-845","page","type-page","status-publish","hentry"],"builder_content":"\u00d6nemli Tarihler\n<article dir=\"auto\" tabindex=\"-1\" data-turn-id=\"request-6976489a-4974-832e-9287-712d5767f569-0\" data-testid=\"conversation-turn-30\" data-scroll-anchor=\"true\" data-turn=\"assistant\">\n<p data-start=\"0\" data-end=\"107\" data-is-last-node=\"\" data-is-only-node=\"\">T\u00dcB\u0130TAK 2237-A proje ba\u015fvurusunun olumlu sonu\u00e7lanmas\u0131 halinde, \u00f6nemli tarihler ilerleyen s\u00fcre\u00e7te ilan edilecektir.<\/p> <p data-start=\"0\" data-end=\"107\" data-is-last-node=\"\" data-is-only-node=\"\">E\u011fitim program\u0131n\u0131n 20-22 May\u0131s 2026 tarihleri aras\u0131nda d\u00fczenlenmesi planlanmaktad\u0131r.<\/p>\n<\/article>","_links":{"self":[{"href":"https:\/\/conference.cag.edu.tr\/tubitak2237\/wp-json\/wp\/v2\/pages\/845","targetHints":{"allow":["GET"]}}],"collection":[{"href":"https:\/\/conference.cag.edu.tr\/tubitak2237\/wp-json\/wp\/v2\/pages"}],"about":[{"href":"https:\/\/conference.cag.edu.tr\/tubitak2237\/wp-json\/wp\/v2\/types\/page"}],"author":[{"embeddable":true,"href":"https:\/\/conference.cag.edu.tr\/tubitak2237\/wp-json\/wp\/v2\/users\/1"}],"replies":[{"embeddable":true,"href":"https:\/\/conference.cag.edu.tr\/tubitak2237\/wp-json\/wp\/v2\/comments?post=845"}],"version-history":[{"count":10,"href":"https:\/\/conference.cag.edu.tr\/tubitak2237\/wp-json\/wp\/v2\/pages\/845\/revisions"}],"predecessor-version":[{"id":1406,"href":"https:\/\/conference.cag.edu.tr\/tubitak2237\/wp-json\/wp\/v2\/pages\/845\/revisions\/1406"}],"wp:attachment":[{"href":"https:\/\/conference.cag.edu.tr\/tubitak2237\/wp-json\/wp\/v2\/media?parent=845"}],"curies":[{"name":"wp","href":"https:\/\/api.w.org\/{rel}","templated":true}]}}