{"id":491,"date":"2019-12-02T11:50:24","date_gmt":"2019-12-02T08:50:24","guid":{"rendered":"http:\/\/conference.cag.edu.tr\/?page_id=491"},"modified":"2026-03-29T16:57:44","modified_gmt":"2026-03-29T13:57:44","slug":"kayit","status":"publish","type":"page","link":"https:\/\/conference.cag.edu.tr\/ubtdk\/kayit\/","title":{"rendered":"Kaydolun"},"content":{"rendered":"\n<p><strong>Bildiri \u00d6zetini G\u00f6nderirken Dikkat Edilecek<\/strong> <strong>Noktalar<\/strong>:<\/p>\n\n\n\n<p><a href=\"https:\/\/docs.google.com\/document\/d\/1uznkFmbKbyVRPQJb-Py5957JMjNg4fFf\/edit?usp=sharing&amp;ouid=103226321838745246708&amp;rtpof=true&amp;sd=true\" data-type=\"page\" data-id=\"490\">BA\u015eVURU FORMU \u0130\u00c7\u0130N TIKLAYINIZ.<\/a> (<em><strong>\u00d6nemli Not: L\u00fctfen ba\u011flant\u0131daki dosyay\u0131 d\u00fczenlemeye \u00e7al\u0131\u015fmay\u0131n\u0131z. Ba\u011flant\u0131ya t\u0131klad\u0131\u011f\u0131n\u0131zda Dosya>\u0130ndir>Microsoft Word (.docx) se\u00e7ene\u011fiyle ba\u015fvuru formunu indirebilirsiniz. \u0130ndirdi\u011finiz ba\u015fvuru formunu doldurup <a href=\"mailto:ubtdk@cag.edu.tr\">ubtdk@cag.edu.tr<\/a> e-posta adresine g\u00f6nderebilirsiniz.<\/strong><\/em>)<\/p>\n\n\n\n<p><strong>(AYRICA SAYFANIN EN ALTINDA S\u0130TE ARACILI\u011eIYLA DA B\u0130LD\u0130R\u0130 \u00d6ZET\u0130N\u0130Z\u0130 G\u00d6NDEREB\u0130L\u0130RS\u0130N\u0130Z.)<\/strong><\/p>\n\n\n\n<p><a href=\"https:\/\/docs.google.com\/document\/d\/181wC2ObUGzO9R5IxXgUzCjDe6JRWfjEE\/edit?usp=sharing&amp;ouid=103226321838745246708&amp;rtpof=true&amp;sd=true\" data-type=\"page\" data-id=\"497\">CLICK HERE FOR THE APPLICATION FORM.<\/a> (<strong><em>Important note: Please do not attempt to edit the file in the link. When you click the link, you can download the application form by selecting File > Download > Microsoft Word (.docx). After filling out the downloaded form, you can send it to <a>ubtdk@cag.edu.tr<\/a> via email.<\/em><\/strong>)<\/p>\n\n\n\n<p><strong>(YOU CAN ALSO SUBMIT YOUR PAPER ABSTRACT THROUGH THE WEBSITE AT THE BOTTOM OF THE PAGE.)<\/strong><\/p>\n\n\n\n<hr class=\"wp-block-separator has-alpha-channel-opacity\"\/>\n\n\n\n<p>Sempozyuma kat\u0131lmak isteyen ara\u015ft\u0131rmac\u0131lar\u0131n, kat\u0131l\u0131m ba\u015fvuru formunu doldurarak bildiri \u00f6zetlerini g\u00f6ndermeleri gerekmektedir. G\u00f6nderilen \u00f6zetler bilimsel de\u011ferlendirme s\u00fcrecine tabi tutulacak olup, kabul edilen bildiriler 10 May\u0131s 2026 tarihinde ilan edilecektir.<\/p>\n\n\n\n<p>\u00d6zetlerin 200\u2013300 kelime aras\u0131nda olmas\u0131, T\u00fcrk\u00e7e haz\u0131rlanmas\u0131 ve ayr\u0131ca \u0130ngilizce \u201cAbstract\u201d i\u00e7ermesi, Word (doc\/docx) format\u0131nda g\u00f6nderilmesi gerekmektedir.<\/p>\n\n\n\n<p>\u00d6zetlerin en ge\u00e7 30 Nisan 2026 tarihine kadar ubtdk@cag.edu.tr adresine g\u00f6nderilmesi gerekmektedir. Bu tarihten sonra g\u00f6nderilen ba\u015fvurular de\u011ferlendirmeye al\u0131nmayacakt\u0131r.<\/p>\n\n\n\n<p>Tam metinlerini elektronik bildiri kitab\u0131nda yay\u0131mlatmak isteyen kat\u0131l\u0131mc\u0131lar\u0131n, kabul edilen bildirilerine ait tam metinleri en ge\u00e7 30 Haziran 2026 tarihine kadar ayn\u0131 e-posta adresine (ubtdk@cag.edu.tr) g\u00f6ndermeleri gerekmektedir.<\/p>\n\n\n\n<p>\u00d6nemli Not: \u00d6zet g\u00f6nderimi s\u0131ras\u0131nda e-posta konu sat\u0131r\u0131na \u201cII. Uluslararas\u0131 Balkanlarda T\u00fcrk Dili, Edebiyat ve K\u00fclt\u00fcrel Etkile\u015fim Sempozyumu\u201d ifadesinin yaz\u0131lmas\u0131 gerekmektedir. Ayr\u0131ca \u00f6zet metin bir Word dosyas\u0131nda yer almal\u0131 ve bu dosyada yazar\u0131n ileti\u015fim bilgileri (e-posta ve ORCID) eksiksiz bulunmal\u0131d\u0131r.<\/p>\n\n\n\n<hr class=\"wp-block-separator has-alpha-channel-opacity\"\/>\n\n\n\n<p>TAM MET\u0130N YAZIM KURALLARI<\/p>\n\n\n\n<p>Tam metinler a\u015fa\u011f\u0131da belirtilen yaz\u0131m kurallar\u0131na uygun olarak haz\u0131rlanmal\u0131d\u0131r:<\/p>\n\n\n\n<p>Metinler A4 k\u00e2\u011f\u0131t boyutunda haz\u0131rlanmal\u0131d\u0131r. Microsoft Word (doc\/docx) format\u0131nda veya uyumlu bir programda yaz\u0131lmal\u0131d\u0131r. Yaz\u0131 karakteri Times New Roman olmal\u0131d\u0131r.<\/p>\n\n\n\n<p>Bildiri ba\u015fl\u0131\u011f\u0131 sayfan\u0131n \u00fcst k\u0131sm\u0131nda yer almal\u0131d\u0131r. Yazar ad\u0131\/isimleri ba\u015fl\u0131\u011f\u0131n alt\u0131nda sola hizal\u0131 olarak verilmelidir. Yazar bilgilerinin sonunda yer alacak * dipnot simgesi ile; unvan, kurum, e-posta adresi ve ORCID numaras\u0131 belirtilmelidir. \u00c7ok yazarl\u0131 \u00e7al\u0131\u015fmalarda dipnot simgeleri s\u0131ras\u0131yla *, **, ***, **** \u015feklinde kullan\u0131lmal\u0131d\u0131r.<\/p>\n\n\n\n<p>Kitap b\u00f6l\u00fcm\u00fc format\u0131nda g\u00f6nderilen tam metinlerde \u201c\u00d6zet\u201d ve \u0130ngilizce \u201cAbstract\u201d yer almamal\u0131d\u0131r.<\/p>\n\n\n\n<p>Ana metin 11 punto, tek sat\u0131r aral\u0131\u011f\u0131 ile yaz\u0131lmal\u0131d\u0131r. Paragraf ba\u015f\u0131nda girinti yap\u0131lmamal\u0131d\u0131r. Metin iki yana yasl\u0131 olmal\u0131d\u0131r.<\/p>\n\n\n\n<p>Ana ba\u015fl\u0131klar 12 punto, b\u00fcy\u00fck harf, koyu ve sola hizal\u0131 olmal\u0131d\u0131r. Ara ba\u015fl\u0131klar 11 punto, koyu, yaln\u0131zca ilk harfleri b\u00fcy\u00fck olacak \u015fekilde ve sola hizal\u0131 yaz\u0131lmal\u0131d\u0131r. Ba\u015fl\u0131klar ile metin aras\u0131nda ve paragraflar aras\u0131nda 6 nk bo\u015fluk b\u0131rak\u0131lmal\u0131d\u0131r.<\/p>\n\n\n\n<p>Tablo i\u00e7i yaz\u0131lar 10 punto olmal\u0131d\u0131r. Tablo alt\u0131 a\u00e7\u0131klamalar ve g\u00f6rsel alt\u0131 yaz\u0131lar (resim, grafik, \u015fekil vb.) 9 punto ile yaz\u0131lmal\u0131d\u0131r.<\/p>\n\n\n\n<p>Dipnotlar 9 punto, tek sat\u0131r aral\u0131\u011f\u0131 ile yaz\u0131lmal\u0131d\u0131r. Hizalama iki yana yasl\u0131, paragraf girintisi 0,5 cm olmal\u0131d\u0131r. Dipnotlar at\u0131f amac\u0131yla kullan\u0131lmamal\u0131d\u0131r; yaln\u0131zca metnin ak\u0131\u015f\u0131n\u0131 bozacak ancak ek bilgi verilmesi gereken durumlarda kullan\u0131lmal\u0131d\u0131r. At\u0131flarda metin i\u00e7i at\u0131f y\u00f6ntemi esas al\u0131nmal\u0131d\u0131r.<\/p>\n\n\n\n<p>Metin i\u00e7inde at\u0131fta bulunulan t\u00fcm kaynaklar, eser sonunda \u201cKaynaklar\u201d ba\u015fl\u0131\u011f\u0131 alt\u0131nda g\u00f6sterilmelidir. Kaynaklar b\u00f6l\u00fcm\u00fc yeni bir sayfadan ba\u015flamal\u0131d\u0131r. 11 punto ile yaz\u0131lmal\u0131d\u0131r. Yaln\u0131zca metin i\u00e7inde at\u0131f yap\u0131lan kaynaklara yer verilmelidir. Hem metin i\u00e7i at\u0131flarda hem de kaynak\u00e7a d\u00fczeninde APA 7 kurallar\u0131 uygulanmal\u0131d\u0131r.<\/p>\n\n\n\n<p>Latin alfabesi d\u0131\u015f\u0131nda (Arap, Kiril vb.) yaz\u0131lm\u0131\u015f b\u00f6l\u00fcmler metin i\u00e7inde uygun yere yerle\u015ftirilmelidir. Kullan\u0131lan \u00f6zel yaz\u0131 tipleri ayr\u0131ca ek dosya olarak g\u00f6nderilmelidir.<\/p>\n\n\n\n<p>\u0130mla ve noktalama kurallar\u0131nda (k\u0131saltmalar d\u00e2hil) T\u00fcrk Dil Kurumu Yaz\u0131m K\u0131lavuzu\u2019nun son bask\u0131s\u0131 esas al\u0131nmal\u0131d\u0131r.<\/p>\n\n\n\n<hr class=\"wp-block-separator has-alpha-channel-opacity\"\/>\n\n\n\n<p>(English Version)<\/p>\n\n\n\n<p>GUIDELINES FOR ABSTRACT SUBMISSION<\/p>\n\n\n\n<p>Researchers who wish to participate in the symposium must fill out the participation application form and submit their paper abstracts. Submitted abstracts will be subject to a scientific evaluation process, and accepted papers will be announced on May 10, 2026.<\/p>\n\n\n\n<p>Abstracts must be between 200\u2013300 words, be prepared in Turkish, and also include an English \u201cAbstract\u201d. They must be submitted in Word (doc\/docx) format.<\/p>\n\n\n\n<p>Abstracts must be sent to ubtdk@cag.edu.tr by April 30, 2026 at the latest. Applications sent after this date will not be evaluated.<\/p>\n\n\n\n<p>Participants who wish to publish their full texts in the electronic proceedings book must send the full texts of their accepted papers to the same e-mail address (ubtdk@cag.edu.tr) by June 30, 2026 at the latest.<\/p>\n\n\n\n<p>Important Note: When submitting the abstract, the subject line of the e-mail must read \u201cII. International Symposium on Turkish Language, Literature and Cultural Interaction in the Balkans\u201d. The abstract text must be included in a Word file, and the Word file must include the author\u2019s contact information (e-mail and ORCID) completely.<\/p>\n\n\n\n<hr class=\"wp-block-separator has-alpha-channel-opacity\"\/>\n\n\n\n<p>FULL PAPER WRITING RULES<\/p>\n\n\n\n<p>Full texts must be prepared in accordance with the following rules:<\/p>\n\n\n\n<p>Texts must be prepared on A4 paper size. They must be written in Microsoft Word (doc\/docx) format or a compatible program. The font must be Times New Roman.<\/p>\n\n\n\n<p>The title of the paper must be placed at the top of the page. Author name(s) must be given below the title, left-aligned. With the * footnote symbol placed at the end of the author information, title, institution, e-mail address, and ORCID number must be stated. In multi-author studies, footnote symbols must be used as *, **, ***, **** respectively.<\/p>\n\n\n\n<p>Full texts submitted in book chapter format must not include \u201c\u00d6zet\u201d and English \u201cAbstract\u201d.<\/p>\n\n\n\n<p>The main text must be written in 11 pt, single line spacing. There must be no indentation at the beginning of paragraphs. The text must be justified.<\/p>\n\n\n\n<p>Main headings must be 12 pt, uppercase, bold, and left-aligned. Subheadings must be 11 pt, bold, with only the first letters capitalized, and left-aligned. A spacing of 6 pt must be left between headings and text and between paragraphs.<\/p>\n\n\n\n<p>Text inside tables must be 10 pt. Explanations below tables and captions for visuals (pictures, graphs, figures, etc.) must be written in 9 pt.<\/p>\n\n\n\n<p>Footnotes must be written in 9 pt with single line spacing. Alignment must be justified, and paragraph indentation must be 0.5 cm. Footnotes should not be used for citation; they should only be used when additional information is necessary without disrupting the flow of the text. In-text citation method must be used.<\/p>\n\n\n\n<p>All sources cited in the text must be listed at the end of the work under the heading \u201cReferences\u201d. The references section must start on a new page. It must be written in 11 pt. Only sources cited in the text should be included. APA 7 rules must be applied in both in-text citations and reference list formatting.<\/p>\n\n\n\n<p>Sections written in alphabets other than Latin (Arabic, Cyrillic, etc.) must be placed appropriately within the text. Special fonts used must also be submitted as an additional file.<\/p>\n\n\n\n<p>For spelling and punctuation rules (including abbreviations), the latest edition of the Turkish Language Association\u2019s Spelling Guide must be followed.<\/p>\n\n\n<p>[contact-form-7 id=&#8221;90a701b&#8221; title=&#8221;Bildiri \u00d6zeti Form&#8221;]<\/p>\n","protected":false},"excerpt":{"rendered":"<p>Bildiri \u00d6zetini G\u00f6nderirken Dikkat Edilecek Noktalar: BA\u015eVURU FORMU \u0130\u00c7\u0130N TIKLAYINIZ. (\u00d6nemli Not: L\u00fctfen ba\u011flant\u0131daki dosyay\u0131 d\u00fczenlemeye \u00e7al\u0131\u015fmay\u0131n\u0131z. Ba\u011flant\u0131ya t\u0131klad\u0131\u011f\u0131n\u0131zda Dosya>\u0130ndir>Microsoft Word (.docx) se\u00e7ene\u011fiyle ba\u015fvuru formunu indirebilirsiniz. \u0130ndirdi\u011finiz ba\u015fvuru formunu doldurup ubtdk@cag.edu.tr e-posta adresine g\u00f6nderebilirsiniz.) (AYRICA SAYFANIN EN ALTINDA S\u0130TE ARACILI\u011eIYLA DA B\u0130LD\u0130R\u0130 \u00d6ZET\u0130N\u0130Z\u0130 G\u00d6NDEREB\u0130L\u0130RS\u0130N\u0130Z.) CLICK HERE FOR THE APPLICATION FORM. (Important note: Please do not [&hellip;]<\/p>\n","protected":false},"author":1,"featured_media":0,"parent":0,"menu_order":0,"comment_status":"closed","ping_status":"closed","template":"","meta":{"footnotes":""},"class_list":["post-491","page","type-page","status-publish","hentry"],"_links":{"self":[{"href":"https:\/\/conference.cag.edu.tr\/ubtdk\/wp-json\/wp\/v2\/pages\/491","targetHints":{"allow":["GET"]}}],"collection":[{"href":"https:\/\/conference.cag.edu.tr\/ubtdk\/wp-json\/wp\/v2\/pages"}],"about":[{"href":"https:\/\/conference.cag.edu.tr\/ubtdk\/wp-json\/wp\/v2\/types\/page"}],"author":[{"embeddable":true,"href":"https:\/\/conference.cag.edu.tr\/ubtdk\/wp-json\/wp\/v2\/users\/1"}],"replies":[{"embeddable":true,"href":"https:\/\/conference.cag.edu.tr\/ubtdk\/wp-json\/wp\/v2\/comments?post=491"}],"version-history":[{"count":22,"href":"https:\/\/conference.cag.edu.tr\/ubtdk\/wp-json\/wp\/v2\/pages\/491\/revisions"}],"predecessor-version":[{"id":971,"href":"https:\/\/conference.cag.edu.tr\/ubtdk\/wp-json\/wp\/v2\/pages\/491\/revisions\/971"}],"wp:attachment":[{"href":"https:\/\/conference.cag.edu.tr\/ubtdk\/wp-json\/wp\/v2\/media?parent=491"}],"curies":[{"name":"wp","href":"https:\/\/api.w.org\/{rel}","templated":true}]}}