{"id":492,"date":"2019-12-02T11:50:32","date_gmt":"2019-12-02T08:50:32","guid":{"rendered":"http:\/\/conference.cag.edu.tr\/?page_id=492"},"modified":"2026-04-14T15:16:42","modified_gmt":"2026-04-14T12:16:42","slug":"kurullar","status":"publish","type":"page","link":"https:\/\/conference.cag.edu.tr\/ubtdk\/kurullar\/","title":{"rendered":"Kurullar"},"content":{"rendered":"\n<p><strong>SEMPOZYUM ONUR KURULU<\/strong><\/p>\n\n\n\n<p><strong>Prof. Dr. Murat Ko\u00e7<\/strong><\/p>\n\n\n\n<p>\u00c7a\u011f \u00dcniversitesi Rekt\u00f6r\u00fc<\/p>\n\n\n\n<p><strong>Prof. Dr. Osman Mert<\/strong><\/p>\n\n\n\n<p>T\u00fcrk Dil Kurumu Ba\u015fkan\u0131<\/p>\n\n\n\n<p><strong>Prof. Dr. Halil \u00c7etin Bedestenci<\/strong><\/p>\n\n\n\n<p>\u00c7a\u011f \u00dcniversitesi Rekt\u00f6r Yard\u0131mc\u0131s\u0131<\/p>\n\n\n\n<p><strong>Prof. Dr. Mahir Fisuno\u011flu<\/strong><\/p>\n\n\n\n<p>\u00c7a\u011f \u00dcniversitesi Rekt\u00f6r Yard\u0131mc\u0131s\u0131<\/p>\n\n\n\n<p><strong>Prof. Dr. Ergin Jable<\/strong><\/p>\n\n\n\n<p>Pri\u015ftine \u00dcniversitesi, T\u00fcrk Dili ve Edebiyat\u0131 B\u00f6l\u00fcm Ba\u015fkan\u0131<\/p>\n\n\n\n<p>Kosova Cumhuriyeti<\/p>\n\n\n\n<p><strong>Prof. Dr. Elsev Brina Lopar<\/strong><\/p>\n\n\n\n<p>Ukshin Hoti Prizren \u00dcniversitesi, E\u011fitim Fak\u00fcltesi, T\u00fcrk\u00e7e Programlar\u0131 Ba\u015fkan\u0131<\/p>\n\n\n\n<p>Kosova Cumhuriyeti<\/p>\n\n\n\n<p><strong>Prof. Dr. Fadil Hoca<\/strong><\/p>\n\n\n\n<p>Uluslararas\u0131 Vizyon \u00dcniversitesi M\u00fctevelli Heyet Ba\u015fkan\u0131<\/p>\n\n\n\n<p>Kuzey Makedonya Cumhuriyeti<\/p>\n\n\n\n<p><strong>Prof. Dr. Ahmet Vecdi Can<\/strong><\/p>\n\n\n\n<p>Uluslararas\u0131 Vizyon \u00dcniversitesi Rekt\u00f6r\u00fc<\/p>\n\n\n\n<p>Kuzey Makedonya Cumhuriyeti<\/p>\n\n\n\n<p><strong>Prof. Dr. Maratbek Gabdullin T.<\/strong><\/p>\n\n\n\n<p>Kazak-Britanya Teknik \u00dcniversitesi, Rekt\u00f6r<\/p>\n\n\n\n<p>Kazakistan<\/p>\n\n\n\n<p><strong>Prof. Dr. Asel K. Jumasseitova<\/strong><\/p>\n\n\n\n<p>Kazak-Britanya Teknik \u00dcniversitesi, Rekt\u00f6r Yard\u0131mc\u0131s\u0131<\/p>\n\n\n\n<p>Kazakistan<\/p>\n\n\n\n<p><strong>Prof. Dr. Osman Emin<\/strong><\/p>\n\n\n\n<p>Aziz Kliment Ohridski \u00dcniversitesi, Blaje Koneski Filoloji Fak\u00fcltesi,<\/p>\n\n\n\n<p>T\u00fcrk Dili ve Edebiyat\u0131 B\u00f6l\u00fcm Ba\u015fkan\u0131<\/p>\n\n\n\n<p>Kuzey Makedonya Cumhuriyeti<\/p>\n\n\n\n<p><strong>Prof. Dr. S\u00fcleyman Baki<\/strong><\/p>\n\n\n\n<p>Tetova (Kalkandelen) \u00dcniversitesi &#8211; Felsefe Fak\u00fcltesi Do\u011fu Dilleri (\u015earkiyat) B\u00f6l\u00fcm Ba\u015fkan\u0131<\/p>\n\n\n\n<p>Kuzey Makedonya Cumhuriyeti<\/p>\n\n\n\n<p><strong>Prof. Dr. Neriman Hasan<\/strong><\/p>\n\n\n\n<p>Ovidius \u00dcniversitesi (K\u00f6stence)<\/p>\n\n\n\n<p>Romanya Cumhuriyeti<\/p>\n\n\n\n<p><strong>Prof. Dr. Aktan Ago<\/strong><\/p>\n\n\n\n<p>&#8220;Marko Cepenkov&#8221; Makedon Folklor Enstit\u00fcs\u00fc, Aziz Kiril ve Metodi \u00dcniversitesi<\/p>\n\n\n\n<p>Kuzey Makedonya Cumhuriyeti<\/p>\n\n\n\n<p><strong>Prof. Dr. L\u00fcbov Kopanitsya<\/strong><\/p>\n\n\n\n<p>Tara&#8217;s \u015even\u00e7enko Kiev Ulusal \u00dcniversitesi Halk Bilimi B\u00f6l\u00fcm\u00fc \u00d6\u011fretim \u00dcyesi<\/p>\n\n\n\n<p>Ukrayna Cumhuriyeti<\/p>\n\n\n\n<p><strong>Dr. M. J. Kusaiyn<\/strong><\/p>\n\n\n\n<p>Kazak-Britanya Teknik \u00dcniversitesi, Sosyal Bilimler Okulu Dekan\u0131<\/p>\n\n\n\n<p><strong>Dr. G\u00fcll\u00fc Karanfil<\/strong><\/p>\n\n\n\n<p>Komrat Devlet \u00dcniversitesi, Gagauz Filolojisi ve Tarih B\u00f6l\u00fcm\u00fc<\/p>\n\n\n\n<p>Moldova Cumhuriyeti<\/p>\n\n\n\n<p><strong>Dr. Nurlana Gas\u0131ml\u0131 Mustafayeva<\/strong><\/p>\n\n\n\n<p>Bak\u00fc Slav \u00dcniversitesinin Balkan \u00c7al\u0131\u015fmalar\u0131 B\u00f6l\u00fcm\u00fc &#8211; B\u00f6l\u00fcm Ba\u015fkan\u0131<\/p>\n\n\n\n<p>Azerbaycan Cumhuriyeti<\/p>\n\n\n\n<p><strong>SEMPOZYUM D\u00dcZENLEME KURULU BA\u015eKANI<\/strong><\/p>\n\n\n\n<p><strong>Prof. Dr. Sevin Arslan<\/strong><\/p>\n\n\n\n<p>\u00c7a\u011f \u00dcniversitesi, Fen-Edebiyat Fak\u00fcltesi, T\u00fcrk Dili ve Edebiyat\u0131 B\u00f6l\u00fcm Ba\u015fkan\u0131<\/p>\n\n\n\n<p>Sempozyum D\u00fczenleme Kurulu Ba\u015fkan\u0131<\/p>\n\n\n\n<p><strong>SEMPOZYUM D\u00dcZENLEME KURULU<\/strong><\/p>\n\n\n\n<p><strong>Prof. Dr. \u015eirvan Kals\u0131n<\/strong><\/p>\n\n\n\n<p>\u00c7a\u011f \u00dcniversitesi, Fen-Edebiyat Fak\u00fcltesi Dekan\u0131<\/p>\n\n\n\n<p><strong>Do\u00e7. Dr. Murat G\u00fclmez<\/strong><\/p>\n\n\n\n<p>\u00c7a\u011f \u00dcniversitesi, Uluslararas\u0131 Ofis Ba\u015fkan\u0131<\/p>\n\n\n\n<p><strong>Do\u00e7. Dr. \u015eenol Kandemir<\/strong><\/p>\n\n\n\n<p>\u00c7a\u011f \u00dcniversitesi, Genel Sekreter<\/p>\n\n\n\n<p><strong>Do\u00e7. Dr. Belde Aka Kiya\u011fa<\/strong><\/p>\n\n\n\n<p>\u00c7a\u011f \u00dcniversitesi, Fen-Edebiyat Fak\u00fcltesi, T\u00fcrk Dili ve Edebiyat\u0131 B\u00f6l\u00fcm\u00fc<\/p>\n\n\n\n<p><strong>Dr. \u00d6\u011fr. \u00dcyesi Seyfettin \u00d6zdemirel<\/strong><\/p>\n\n\n\n<p>\u00c7a\u011f \u00dcniversitesi, Fen-Edebiyat Fak\u00fcltesi, T\u00fcrk Dili ve Edebiyat\u0131 B\u00f6l\u00fcm\u00fc<\/p>\n\n\n\n<p><strong>Ar\u015f. G\u00f6r. Alper Y\u0131ld\u0131z<\/strong><\/p>\n\n\n\n<p>\u00c7a\u011f \u00dcniversitesi, Fen-Edebiyat Fak\u00fcltesi, T\u00fcrk Dili ve Edebiyat\u0131 B\u00f6l\u00fcm\u00fc<\/p>\n\n\n\n<p><strong>Ar\u015f. G\u00f6r. Demet Canarslan Y\u0131ld\u0131z<\/strong><\/p>\n\n\n\n<p>\u00c7a\u011f \u00dcniversitesi, Fen-Edebiyat Fak\u00fcltesi, T\u00fcrk Dili ve Edebiyat\u0131 B\u00f6l\u00fcm\u00fc<\/p>\n\n\n\n<p><strong>\u0130ngilizce Dan\u0131\u015fmanlar\u0131<\/strong><\/p>\n\n\n\n<p><strong>Dr. \u00d6\u011fr. \u00dcyesi Seden Tuyan<\/strong><\/p>\n\n\n\n<p>\u00c7a\u011f \u00dcniversitesi, Fen-Edebiyat Fak\u00fcltesi, \u0130ngilizce M\u00fctercim ve Terc\u00fcmanl\u0131k B\u00f6l\u00fcm\u00fc<\/p>\n\n\n\n<p><strong>Dr. \u00d6\u011fr. \u00dcyesi Mustafa Kartal \u00c7elikay<\/strong><\/p>\n\n\n\n<p>\u00c7a\u011f \u00dcniversitesi, Fen-Edebiyat Fak\u00fcltesi, \u0130ngilizce M\u00fctercim ve Terc\u00fcmanl\u0131k B\u00f6l\u00fcm\u00fc<\/p>\n\n\n\n<p><strong>Dr. \u00d6\u011fr. \u00dcyesi Bet\u00fcl Alta\u015f<\/strong><\/p>\n\n\n\n<p>\u00c7a\u011f \u00dcniversitesi, Fen-Edebiyat Fak\u00fcltesi, \u0130ngilizce M\u00fctercim ve Terc\u00fcmanl\u0131k B\u00f6l\u00fcm\u00fc<\/p>\n\n\n\n<p><strong>\u00d6\u011fr. G\u00f6r. Dr. Fatma Tok\u00f6z<\/strong><\/p>\n\n\n\n<p>\u00c7a\u011f \u00dcniversitesi, Yabanc\u0131 Diller Y\u00fcksekokulu<\/p>\n\n\n\n<p><strong>SEMPOZYUM B\u0130L\u0130M VE DANI\u015eMA KURULU<\/strong><\/p>\n\n\n\n<p><strong>Prof. Dr. Deniz Abik<\/strong><\/p>\n\n\n\n<p>\u00c7ukurova \u00dcniversitesi, \u00c7ukurova \u00dcniversitesi T\u00fcrkoloji Ara\u015ft\u0131rma Merkezi M\u00fcd\u00fcr\u00fc<\/p>\n\n\n\n<p><strong>Prof. Dr. Recep \u015ekrijelj<\/strong><\/p>\n\n\n\n<p>Yeni Pazar Devlet \u00dcniversitesi<\/p>\n\n\n\n<p>S\u0131rbistan Cumhuriyeti<\/p>\n\n\n\n<p><strong>Prof. Dr. Mariya Leonti\u00e7<\/strong><\/p>\n\n\n\n<p>Go\u00e7e Del\u00e7ev \u00dcniversitesi (\u0130\u015ftip), Filoloji Fak\u00fcltesi, T\u00fcrk Dili ve Edebiyat\u0131 Grubu Ba\u015fkan\u0131<\/p>\n\n\n\n<p>Kuzey Makedonya Cumhuriyeti<\/p>\n\n\n\n<p><strong>Prof. Dr. Nazim \u0130brahim<\/strong><\/p>\n\n\n\n<p>Aziz Kiril ve Metodiy \u00dcniversitesi (\u00dcsk\u00fcp), Blaje Konevski Filoloji Fak\u00fcltesi,<\/p>\n\n\n\n<p>T\u00fcrk Dili ve Edebiyat\u0131 \u00d6\u011fretim \u00dcyesi<\/p>\n\n\n\n<p>Kuzey Makedonya Cumhuriyeti<\/p>\n\n\n\n<p><strong>Prof. Dr. Refide \u015eahin<\/strong><\/p>\n\n\n\n<p>Uluslararas\u0131 Balkan \u00dcniversitesi, E\u011fitim Fak\u00fcltesi, T\u00fcrk\u00e7e \u00d6\u011fretmenli\u011fi \u00d6\u011fretim \u00dcyesi<\/p>\n\n\n\n<p>Kuzey Makedonya<\/p>\n\n\n\n<p><strong>Prof. Dr. Mehmet Naci \u00d6nal<\/strong><\/p>\n\n\n\n<p>Mu\u011fla S\u0131tk\u0131 Ko\u00e7man \u00dcniversitesi \u2013 Edebiyat Fak\u00fcltesi T\u00fcrk Dili ve Edebiyat\u0131 B\u00f6l\u00fcm\u00fc \/ T\u00fcrk Halk Edebiyat\u0131 Anabilim Dal\u0131<\/p>\n\n\n\n<p>T\u00fcrkiye Cumhuriyeti<\/p>\n\n\n\n<p><strong>Prof. Dr. Recai \u00d6zcan<\/strong><\/p>\n\n\n\n<p>D\u00fczce \u00dcniversitesi, Fen-Edebiyat Fak\u00fcltesi, T\u00fcrk Dili ve Edebiyat\u0131 B\u00f6l\u00fcm\u00fc, Yeni T\u00fcrk Edebiyat\u0131 Ana Bilim Dal\u0131 Ba\u015fkan\u0131<\/p>\n\n\n\n<p>T\u00fcrkiye Cumhuriyeti<\/p>\n\n\n\n<p><strong>Prof. Dr. Dilek Batislam<\/strong><\/p>\n\n\n\n<p>\u00c7ukurova \u00dcniversitesi, Fen-Edebiyat Fak\u00fcltesi, T\u00fcrk Dili ve Edebiyat\u0131 B\u00f6l\u00fcm\u00fc, Eski T\u00fcrk Edebiyat\u0131 Ana Bilim Dal\u0131<\/p>\n\n\n\n<p>T\u00fcrkiye Cumhuriyeti<\/p>\n\n\n\n<p><strong>Prof. Dr. Refiye \u015eenesen<\/strong><\/p>\n\n\n\n<p>\u00c7ukurova \u00dcniversitesi, Fen-Edebiyat Fak\u00fcltesi, T\u00fcrk Dili ve Edebiyat\u0131 B\u00f6l\u00fcm\u00fc, T\u00fcrk Halk Edebiyat\u0131 Ana Bilim Dal\u0131<\/p>\n\n\n\n<p>T\u00fcrkiye Cumhuriyeti<\/p>\n\n\n\n<p><strong>Prof. Dr. Elmas \u015eahin<\/strong><\/p>\n\n\n\n<p>\u00c7a\u011f \u00dcniversitesi, Fen-Edebiyat Fak\u00fcltesi, T\u00fcrk Dili ve Edebiyat\u0131 B\u00f6l\u00fcm\u00fc<\/p>\n\n\n\n<p>T\u00fcrkiye Cumhuriyeti<\/p>\n\n\n\n<p><strong>Do\u00e7. Dr. Sevil B\u00fclb\u00fcl<\/strong><\/p>\n\n\n\n<p>Ankara Hac\u0131 Bayram Veli \u00dcniversitesi, Turizm Fak\u00fcltesi, Turizm Rehberli\u011fi B\u00f6l\u00fcm\u00fc, Turizm Rehberli\u011fi Ana Bilim Dal\u0131 (Sanat Tarihi)<\/p>\n\n\n\n<p>T\u00fcrkiye Cumhuriyeti<\/p>\n\n\n\n<p><strong>Do\u00e7. Dr. Reyhan G\u00f6kben Saluk<\/strong><\/p>\n\n\n\n<p>Kazak-Britanya Technical University, School of Social Sciences, Department of English Language<\/p>\n\n\n\n<p>Kazakistan<\/p>\n\n\n\n<p><strong>Prof. Dr. Abd\u00fclmecid Nuredin<\/strong><\/p>\n\n\n\n<p>Vizyon \u00dcniversitesi, Hukuk Fak\u00fcltesi \u00d6\u011fretim \u00dcyesi<\/p>\n\n\n\n<p>Kuzey Makedonya Cumhuriyeti<\/p>\n\n\n\n<p><strong>Do\u00e7. Dr. Ramadan Do\u011fan<\/strong><\/p>\n\n\n\n<p>Trakya \u00dcniversitesi, \u0130lahiyat Fak\u00fcltesi, T\u00fcrk \u0130slam Edebiyat\u0131 ve \u0130slam Sanatlar\u0131 Ana Bilim Dal\u0131<\/p>\n\n\n\n<p>T\u00fcrkiye Cumhuriyeti<\/p>\n\n\n\n<p><strong>Do\u00e7. Dr. Tudora Arnaut<\/strong><\/p>\n\n\n\n<p>University of Oxford, Faculty of Asian and Middle Eastern Studies<\/p>\n\n\n\n<p>Ukrayna<\/p>\n\n\n\n<p><strong>Do\u00e7. Dr. Ayhan Karaka\u015f<\/strong><\/p>\n\n\n\n<p>\u00c7ukurova \u00dcniversitesi, Fen-Edebiyat Fak\u00fcltesi, T\u00fcrk Dili ve Edebiyat\u0131 B\u00f6l\u00fcm\u00fc, T\u00fcrk Halk Edebiyat\u0131 Ana Bilim Dal\u0131<\/p>\n\n\n\n<p>T\u00fcrkiye Cumhuriyeti<\/p>\n\n\n\n<p><strong>Dr. \u00d6\u011fr. \u00dcyesi G\u00fcrcan Demiroglar\u0131<\/strong><\/p>\n\n\n\n<p>\u00c7a\u011f \u00dcniversitesi, Fen-Edebiyat Fak\u00fcltesi, \u0130ngilizce M\u00fctercim ve Terc\u00fcmanl\u0131k B\u00f6l\u00fcm\u00fc<\/p>\n\n\n\n<p>T\u00fcrkiye Cumhuriyeti<\/p>\n\n\n\n<p><strong>Dr. \u00d6\u011fr. \u00dcyesi Bedri Aydo\u011fan<\/strong><\/p>\n\n\n\n<p>\u00c7ukurova \u00dcniversitesi, Fen-Edebiyat Fak\u00fcltesi, T\u00fcrk Dili ve Edebiyat\u0131 B\u00f6l\u00fcm\u00fc, Yeni T\u00fcrk Edebiyat\u0131 Ana Bilim Dal\u0131<\/p>\n\n\n\n<p>T\u00fcrkiye Cumhuriyeti<\/p>\n\n\n\n<p><strong>Dr. Fatima Hocin<\/strong><\/p>\n\n\n\n<p>Aziz Kiril ve Metodiy \u00dcniversitesi, T\u00fcrk Dili ve Edebiyat\u0131 B\u00f6l\u00fcm\u00fc<\/p>\n\n\n\n<p>Kuzey Makedonya<\/p>\n\n\n\n<p><strong>Dr. Yasminka Ristovska Pili\u00e7kova<\/strong><\/p>\n\n\n\n<p>&#8220;Marko \u00c7epenkov&#8221; Makedon Folklor Enstit\u00fcs\u00fc Aziz Kiril ve Metodi \u00dcniversitesi<\/p>\n\n\n\n<p>Kuzey Makedonya Cumhuriyeti<\/p>\n\n\n\n<p><strong>Okt. Dr. Fatih Kemik<\/strong><\/p>\n\n\n\n<p>Pri\u015ftine \u00dcniversitesi, T\u00fcrk Dili ve Edebiyat\u0131 B\u00f6l\u00fcm\u00fc<\/p>\n\n\n\n<p>Kosova Cumhuriyeti<\/p>\n","protected":false},"excerpt":{"rendered":"<p>SEMPOZYUM ONUR KURULU Prof. Dr. Murat Ko\u00e7 \u00c7a\u011f \u00dcniversitesi Rekt\u00f6r\u00fc Prof. Dr. Osman Mert T\u00fcrk Dil Kurumu Ba\u015fkan\u0131 Prof. Dr. Halil \u00c7etin Bedestenci \u00c7a\u011f \u00dcniversitesi Rekt\u00f6r Yard\u0131mc\u0131s\u0131 Prof. Dr. Mahir Fisuno\u011flu \u00c7a\u011f \u00dcniversitesi Rekt\u00f6r Yard\u0131mc\u0131s\u0131 Prof. Dr. Ergin Jable Pri\u015ftine \u00dcniversitesi, T\u00fcrk Dili ve Edebiyat\u0131 B\u00f6l\u00fcm Ba\u015fkan\u0131 Kosova Cumhuriyeti Prof. Dr. Elsev Brina Lopar Ukshin [&hellip;]<\/p>\n","protected":false},"author":1,"featured_media":0,"parent":0,"menu_order":0,"comment_status":"closed","ping_status":"closed","template":"","meta":{"footnotes":""},"class_list":["post-492","page","type-page","status-publish","hentry"],"_links":{"self":[{"href":"https:\/\/conference.cag.edu.tr\/ubtdk\/wp-json\/wp\/v2\/pages\/492","targetHints":{"allow":["GET"]}}],"collection":[{"href":"https:\/\/conference.cag.edu.tr\/ubtdk\/wp-json\/wp\/v2\/pages"}],"about":[{"href":"https:\/\/conference.cag.edu.tr\/ubtdk\/wp-json\/wp\/v2\/types\/page"}],"author":[{"embeddable":true,"href":"https:\/\/conference.cag.edu.tr\/ubtdk\/wp-json\/wp\/v2\/users\/1"}],"replies":[{"embeddable":true,"href":"https:\/\/conference.cag.edu.tr\/ubtdk\/wp-json\/wp\/v2\/comments?post=492"}],"version-history":[{"count":10,"href":"https:\/\/conference.cag.edu.tr\/ubtdk\/wp-json\/wp\/v2\/pages\/492\/revisions"}],"predecessor-version":[{"id":979,"href":"https:\/\/conference.cag.edu.tr\/ubtdk\/wp-json\/wp\/v2\/pages\/492\/revisions\/979"}],"wp:attachment":[{"href":"https:\/\/conference.cag.edu.tr\/ubtdk\/wp-json\/wp\/v2\/media?parent=492"}],"curies":[{"name":"wp","href":"https:\/\/api.w.org\/{rel}","templated":true}]}}