{"id":497,"date":"2019-12-02T11:51:08","date_gmt":"2019-12-02T08:51:08","guid":{"rendered":"http:\/\/conference.cag.edu.tr\/?page_id=497"},"modified":"2026-03-12T00:40:32","modified_gmt":"2026-03-11T21:40:32","slug":"iletisim","status":"publish","type":"page","link":"https:\/\/conference.cag.edu.tr\/ubtdk\/iletisim\/","title":{"rendered":"\u0130leti\u015fim"},"content":{"rendered":"\n<p><strong>\u0130leti\u015fim i\u00e7in e-posta adresleri:<\/strong><\/p>\n\n\n\n<p>T\u00fcm soru ve g\u00f6r\u00fc\u015fleriniz i\u00e7in a\u015fa\u011f\u0131daki e-posta adreslerine yazabilirsiniz:<\/p>\n\n\n\n<div class=\"wp-block-group is-vertical is-layout-flex wp-container-core-group-is-layout-fe9cc265 wp-block-group-is-layout-flex\">\n<ul class=\"wp-block-list\">\n<li>ubtdk@cag.edu.tr<\/li>\n\n\n\n<li>alperyildiz@cag.edu.tr<\/li>\n\n\n\n<li>alilsevin@cag.edu.tr<\/li>\n\n\n\n<li>demetcanarslan@cag.edu.tr<\/li>\n<\/ul>\n\n\n\n<p><strong>CONTACT INFORMATION<\/strong><\/p>\n\n\n\n<p>For all inquiries and feedback, please contact us at the following email addresses:<\/p>\n\n\n\n<ul class=\"wp-block-list\">\n<li>ubtdk@cag.edu.tr<\/li>\n\n\n\n<li>alperyildiz@cag.edu.tr<\/li>\n\n\n\n<li>alilsevin@cag.edu.tr<\/li>\n\n\n\n<li>demetcanarslan@cag.edu.tr<\/li>\n<\/ul>\n<\/div>\n","protected":false},"excerpt":{"rendered":"<p>\u0130leti\u015fim i\u00e7in e-posta adresleri: T\u00fcm soru ve g\u00f6r\u00fc\u015fleriniz i\u00e7in a\u015fa\u011f\u0131daki e-posta adreslerine yazabilirsiniz: CONTACT INFORMATION For all inquiries and feedback, please contact us at the following email addresses:<\/p>\n","protected":false},"author":1,"featured_media":0,"parent":0,"menu_order":0,"comment_status":"closed","ping_status":"closed","template":"","meta":{"footnotes":""},"class_list":["post-497","page","type-page","status-publish","hentry"],"_links":{"self":[{"href":"https:\/\/conference.cag.edu.tr\/ubtdk\/wp-json\/wp\/v2\/pages\/497","targetHints":{"allow":["GET"]}}],"collection":[{"href":"https:\/\/conference.cag.edu.tr\/ubtdk\/wp-json\/wp\/v2\/pages"}],"about":[{"href":"https:\/\/conference.cag.edu.tr\/ubtdk\/wp-json\/wp\/v2\/types\/page"}],"author":[{"embeddable":true,"href":"https:\/\/conference.cag.edu.tr\/ubtdk\/wp-json\/wp\/v2\/users\/1"}],"replies":[{"embeddable":true,"href":"https:\/\/conference.cag.edu.tr\/ubtdk\/wp-json\/wp\/v2\/comments?post=497"}],"version-history":[{"count":8,"href":"https:\/\/conference.cag.edu.tr\/ubtdk\/wp-json\/wp\/v2\/pages\/497\/revisions"}],"predecessor-version":[{"id":938,"href":"https:\/\/conference.cag.edu.tr\/ubtdk\/wp-json\/wp\/v2\/pages\/497\/revisions\/938"}],"wp:attachment":[{"href":"https:\/\/conference.cag.edu.tr\/ubtdk\/wp-json\/wp\/v2\/media?parent=497"}],"curies":[{"name":"wp","href":"https:\/\/api.w.org\/{rel}","templated":true}]}}